{"id":2,"date":"2014-09-05T04:41:07","date_gmt":"2014-09-05T04:41:07","guid":{"rendered":"http:\/\/localhost\/wordpress-4.0\/?page_id=2"},"modified":"2022-01-14T08:30:40","modified_gmt":"2022-01-14T02:30:40","slug":"sample-page","status":"publish","type":"page","link":"https:\/\/expomobil.com.mx\/","title":{"rendered":"inicio"},"content":{"rendered":"<table class=\"size-medium wp-image-1199\" style=\"height: 1835px;\" border=\"0\" width=\"1210\" align=\"center\">\n<tbody>\n<tr>\n<td><a href=\"http:\/\/expomobil.com.mx\/?page_id=12\"><img loading=\"lazy\" class=\"alignnone wp-image-2083\" src=\"http:\/\/expomobil.com.mx\/wp-content\/uploads\/2020\/02\/DSC_0151-300x199.jpg\" alt=\"\" width=\"1195\" height=\"793\" srcset=\"https:\/\/expomobil.com.mx\/wp-content\/uploads\/2020\/02\/DSC_0151-300x199.jpg 300w, https:\/\/expomobil.com.mx\/wp-content\/uploads\/2020\/02\/DSC_0151-768x509.jpg 768w, https:\/\/expomobil.com.mx\/wp-content\/uploads\/2020\/02\/DSC_0151-1024x679.jpg 1024w\" sizes=\"(max-width: 1195px) 100vw, 1195px\" \/><\/a><a href=\"http:\/\/expomobil.com.mx\/?page_id=30\"><img loading=\"lazy\" class=\"alignnone wp-image-1563\" src=\"http:\/\/expomobil.com.mx\/wp-content\/uploads\/2016\/06\/1458363325419-300x225.jpg\" alt=\"\" width=\"783\" height=\"587\" srcset=\"https:\/\/expomobil.com.mx\/wp-content\/uploads\/2016\/06\/1458363325419-300x225.jpg 300w, https:\/\/expomobil.com.mx\/wp-content\/uploads\/2016\/06\/1458363325419.jpg 408w\" sizes=\"(max-width: 783px) 100vw, 783px\" \/><\/a><\/td>\n<td><\/td>\n<\/tr>\n<tr>\n<td colspan=\"2\">\u00a0Buggys, estructura geod\u00e9sica. No hacemos distinci\u00f3n de empresas ya que todos nuestros clientes son importantes para nosotros. ExpoM\u00f3bil\u00a0 y Beenguer Buggys, es una empresa orgullosamente mexicana y ofrecemos los mejores precios del mercado al ser fabricantes . Ofrecemos productos de l\u00ednea y trabajos sobre dise\u00f1o, lo importante es ofrecer soluciones que\u00a0 se adapten a su presupuesto, idea y necesidad. Este Website puede contener referencias a marcas comerciales o marcas registradas, las cuales son propiedad exclusiva de las empresas que las representan y est\u00e1n protegidas por las disposiciones legales reguladoras de la propiedad industrial. Cualquier referencia que pueda hacerse al emplear este website a alg\u00fan tercero en materia de informaci\u00f3n, contenido, art\u00edculos, productos, procesos o servicios por marca de f\u00e1brica, marca comercial, fabricante o de cualquier otro modo no constituye ni implica necesariamente la aceptaci\u00f3n, aprobaci\u00f3n o recomendaci\u00f3n por parte de sus propietarios o alguna conexi\u00f3n de ExpoM\u00f3bil con ellos.<\/p>\n<p>Ciudad de M\u00e9xico.\u00a0\u00a0\u00a0 Tel.\u00a0 55 16 84 25 65<\/td>\n<\/tr>\n<\/tbody>\n<\/table>\n","protected":false},"excerpt":{"rendered":"<p>\u00a0Buggys, estructura geod\u00e9sica. No hacemos distinci\u00f3n de empresas ya que todos nuestros clientes son importantes para nosotros. ExpoM\u00f3bil\u00a0 y Beenguer Buggys, es una empresa orgullosamente mexicana y ofrecemos los mejores precios del mercado al ser fabricantes . Ofrecemos productos de l\u00ednea y trabajos sobre dise\u00f1o, lo importante es ofrecer soluciones que\u00a0 se adapten a su &#8230; <a title=\"inicio\" class=\"read-more\" href=\"https:\/\/expomobil.com.mx\/\" aria-label=\"M\u00e1s en inicio\">Leer m\u00e1s<\/a><\/p>\n","protected":false},"author":1,"featured_media":0,"parent":0,"menu_order":0,"comment_status":"open","ping_status":"closed","template":"","meta":[],"_links":{"self":[{"href":"https:\/\/expomobil.com.mx\/index.php?rest_route=\/wp\/v2\/pages\/2"}],"collection":[{"href":"https:\/\/expomobil.com.mx\/index.php?rest_route=\/wp\/v2\/pages"}],"about":[{"href":"https:\/\/expomobil.com.mx\/index.php?rest_route=\/wp\/v2\/types\/page"}],"author":[{"embeddable":true,"href":"https:\/\/expomobil.com.mx\/index.php?rest_route=\/wp\/v2\/users\/1"}],"replies":[{"embeddable":true,"href":"https:\/\/expomobil.com.mx\/index.php?rest_route=%2Fwp%2Fv2%2Fcomments&post=2"}],"version-history":[{"count":85,"href":"https:\/\/expomobil.com.mx\/index.php?rest_route=\/wp\/v2\/pages\/2\/revisions"}],"predecessor-version":[{"id":2113,"href":"https:\/\/expomobil.com.mx\/index.php?rest_route=\/wp\/v2\/pages\/2\/revisions\/2113"}],"wp:attachment":[{"href":"https:\/\/expomobil.com.mx\/index.php?rest_route=%2Fwp%2Fv2%2Fmedia&parent=2"}],"curies":[{"name":"wp","href":"https:\/\/api.w.org\/{rel}","templated":true}]}}