{"id":30,"date":"2014-11-04T07:20:37","date_gmt":"2014-11-04T01:20:37","guid":{"rendered":"http:\/\/expomobil.com.mx\/wordpresswordpress\/?page_id=30"},"modified":"2017-05-24T21:57:24","modified_gmt":"2017-05-24T15:57:24","slug":"estructura-geodesica","status":"publish","type":"page","link":"https:\/\/expomobil.com.mx\/?page_id=30","title":{"rendered":"Techados Tridilosas  y Geodesicas"},"content":{"rendered":"<p>&nbsp;<\/p>\n<p><span style=\"color: #000000; font-family: Calibri;\">El \u00fanico sistema\u00a0 constructivo para generar una\u00a0estructura ligera para\u00a0techados\u00a0, fabricada en tubular de aluminio anodizado de 1 1\/2 \u201c que sirve para generar\u00a0 formas tridimensionales, tambi\u00e9n llamada tridilosa o geod\u00e9sica, el sistema permite armar desarrollos rectos (plano tridimensional) o arco ca\u00f1\u00f3n tipo t\u00fanel.\u00a0\u00a0 Las estructuras logradas poseen gran rigidez y capacidad de carga para elementos de techado como l\u00e1minas de policarbonato, lonas o laminados de cobertura,\u00a0 al ser ligeras no requieren de soportes, columnas o sistemas de anclajes complejos, adem\u00e1s de ser modulares lo que permite su reaprovechamiento o traslado.<\/span><\/p>\n<p><em><a href=\"http:\/\/expomobil.com.mx\/wp-content\/uploads\/2016\/06\/1458706583321.jpg\"><img loading=\"lazy\" class=\"alignnone size-medium wp-image-1569\" src=\"http:\/\/expomobil.com.mx\/wp-content\/uploads\/2016\/06\/1458706583321-300x225.jpg\" alt=\"1458706583321\" width=\"300\" height=\"225\" srcset=\"https:\/\/expomobil.com.mx\/wp-content\/uploads\/2016\/06\/1458706583321-300x225.jpg 300w, https:\/\/expomobil.com.mx\/wp-content\/uploads\/2016\/06\/1458706583321.jpg 408w\" sizes=\"(max-width: 300px) 100vw, 300px\" \/><\/a><\/em> <a href=\"http:\/\/expomobil.com.mx\/wp-content\/uploads\/2016\/06\/1458877580692.jpg\"><img loading=\"lazy\" class=\"alignnone size-medium wp-image-1570\" src=\"http:\/\/expomobil.com.mx\/wp-content\/uploads\/2016\/06\/1458877580692-300x225.jpg\" alt=\"1458877580692\" width=\"300\" height=\"225\" srcset=\"https:\/\/expomobil.com.mx\/wp-content\/uploads\/2016\/06\/1458877580692-300x225.jpg 300w, https:\/\/expomobil.com.mx\/wp-content\/uploads\/2016\/06\/1458877580692.jpg 408w\" sizes=\"(max-width: 300px) 100vw, 300px\" \/><\/a> <a href=\"http:\/\/expomobil.com.mx\/wp-content\/uploads\/2016\/06\/1458601934202.jpg\"><img loading=\"lazy\" class=\"alignnone size-medium wp-image-1565\" src=\"http:\/\/expomobil.com.mx\/wp-content\/uploads\/2016\/06\/1458601934202-300x169.jpg\" alt=\"1458601934202\" width=\"300\" height=\"169\" srcset=\"https:\/\/expomobil.com.mx\/wp-content\/uploads\/2016\/06\/1458601934202-300x169.jpg 300w, https:\/\/expomobil.com.mx\/wp-content\/uploads\/2016\/06\/1458601934202.jpg 512w\" sizes=\"(max-width: 300px) 100vw, 300px\" \/><\/a> <a href=\"http:\/\/expomobil.com.mx\/wp-content\/uploads\/2016\/06\/1458689523463.jpg\"><img loading=\"lazy\" class=\"alignnone size-medium wp-image-1566\" src=\"http:\/\/expomobil.com.mx\/wp-content\/uploads\/2016\/06\/1458689523463-300x169.jpg\" alt=\"1458689523463\" width=\"300\" height=\"169\" srcset=\"https:\/\/expomobil.com.mx\/wp-content\/uploads\/2016\/06\/1458689523463-300x169.jpg 300w, https:\/\/expomobil.com.mx\/wp-content\/uploads\/2016\/06\/1458689523463.jpg 512w\" sizes=\"(max-width: 300px) 100vw, 300px\" \/><\/a> <a href=\"http:\/\/expomobil.com.mx\/wp-content\/uploads\/2016\/06\/1458363326498.jpg\"><img loading=\"lazy\" class=\"alignnone wp-image-1564 size-medium\" src=\"http:\/\/expomobil.com.mx\/wp-content\/uploads\/2016\/06\/1458363326498-300x225.jpg\" alt=\"1458363326498\" width=\"300\" height=\"225\" srcset=\"https:\/\/expomobil.com.mx\/wp-content\/uploads\/2016\/06\/1458363326498-300x225.jpg 300w, https:\/\/expomobil.com.mx\/wp-content\/uploads\/2016\/06\/1458363326498.jpg 408w\" sizes=\"(max-width: 300px) 100vw, 300px\" \/><\/a> <a href=\"http:\/\/expomobil.com.mx\/wp-content\/uploads\/2016\/06\/1458704366103.jpg\"><img loading=\"lazy\" class=\"alignnone size-medium wp-image-1567\" src=\"http:\/\/expomobil.com.mx\/wp-content\/uploads\/2016\/06\/1458704366103-300x225.jpg\" alt=\"1458704366103\" width=\"300\" height=\"225\" srcset=\"https:\/\/expomobil.com.mx\/wp-content\/uploads\/2016\/06\/1458704366103-300x225.jpg 300w, https:\/\/expomobil.com.mx\/wp-content\/uploads\/2016\/06\/1458704366103.jpg 408w\" sizes=\"(max-width: 300px) 100vw, 300px\" \/><\/a><a href=\"http:\/\/expomobil.com.mx\/wp-content\/uploads\/2016\/06\/1458363324536.jpg\"><img loading=\"lazy\" class=\"alignnone size-medium wp-image-1562\" src=\"http:\/\/expomobil.com.mx\/wp-content\/uploads\/2016\/06\/1458363324536-300x225.jpg\" alt=\"1458363324536\" width=\"300\" height=\"225\" srcset=\"https:\/\/expomobil.com.mx\/wp-content\/uploads\/2016\/06\/1458363324536-300x225.jpg 300w, https:\/\/expomobil.com.mx\/wp-content\/uploads\/2016\/06\/1458363324536.jpg 408w\" sizes=\"(max-width: 300px) 100vw, 300px\" \/><\/a> <a href=\"http:\/\/expomobil.com.mx\/wp-content\/uploads\/2016\/06\/1458363325419.jpg\"><img loading=\"lazy\" class=\"alignnone size-medium wp-image-1563\" src=\"http:\/\/expomobil.com.mx\/wp-content\/uploads\/2016\/06\/1458363325419-300x225.jpg\" alt=\"1458363325419\" width=\"300\" height=\"225\" srcset=\"https:\/\/expomobil.com.mx\/wp-content\/uploads\/2016\/06\/1458363325419-300x225.jpg 300w, https:\/\/expomobil.com.mx\/wp-content\/uploads\/2016\/06\/1458363325419.jpg 408w\" sizes=\"(max-width: 300px) 100vw, 300px\" \/><\/a> <a href=\"http:\/\/expomobil.com.mx\/wp-content\/uploads\/2016\/06\/1458706581659.jpg\"><img loading=\"lazy\" class=\"alignnone size-medium wp-image-1568\" src=\"http:\/\/expomobil.com.mx\/wp-content\/uploads\/2016\/06\/1458706581659-300x225.jpg\" alt=\"1458706581659\" width=\"300\" height=\"225\" srcset=\"https:\/\/expomobil.com.mx\/wp-content\/uploads\/2016\/06\/1458706581659-300x225.jpg 300w, https:\/\/expomobil.com.mx\/wp-content\/uploads\/2016\/06\/1458706581659.jpg 408w\" sizes=\"(max-width: 300px) 100vw, 300px\" \/><\/a> <a href=\"http:\/\/expomobil.com.mx\/wp-content\/uploads\/2016\/06\/1459135585693.jpg\"><img loading=\"lazy\" class=\"alignnone size-medium wp-image-1561\" src=\"http:\/\/expomobil.com.mx\/wp-content\/uploads\/2016\/06\/1459135585693-300x225.jpg\" alt=\"1459135585693\" width=\"300\" height=\"225\" srcset=\"https:\/\/expomobil.com.mx\/wp-content\/uploads\/2016\/06\/1459135585693-300x225.jpg 300w, https:\/\/expomobil.com.mx\/wp-content\/uploads\/2016\/06\/1459135585693.jpg 408w\" sizes=\"(max-width: 300px) 100vw, 300px\" \/><\/a><\/p>\n<p><span style=\"color: #000000; font-family: Calibri;\">\u00a0La estructura se ensambla con gran facilidad y en desarrollos variados, gracias a su sistema de conectores fabricados en pl\u00e1stico de ingenier\u00eda de alta resistencia y gran duraci\u00f3n que solo requieren de tornillos para su armado, sin problemas de oxidaci\u00f3n, pintura, o mantenimiento costoso,\u00a0obteniendo rapidez, limpieza y menor tiempo en la ejecuci\u00f3n de la obra.<\/span><\/p>\n<p><a href=\"http:\/\/expomobil.com.mx\/wp-content\/uploads\/2016\/06\/Nodo-sencillo.jpg\"><img loading=\"lazy\" class=\"alignnone size-medium wp-image-1587\" src=\"http:\/\/expomobil.com.mx\/wp-content\/uploads\/2016\/06\/Nodo-sencillo-300x199.jpg\" alt=\"Nodo-sencillo\" width=\"300\" height=\"199\" srcset=\"https:\/\/expomobil.com.mx\/wp-content\/uploads\/2016\/06\/Nodo-sencillo-300x199.jpg 300w, https:\/\/expomobil.com.mx\/wp-content\/uploads\/2016\/06\/Nodo-sencillo.jpg 800w\" sizes=\"(max-width: 300px) 100vw, 300px\" \/><\/a> <a href=\"http:\/\/expomobil.com.mx\/wp-content\/uploads\/2016\/06\/Nodo-doble.jpg\"><img loading=\"lazy\" class=\"alignnone size-medium wp-image-1586\" src=\"http:\/\/expomobil.com.mx\/wp-content\/uploads\/2016\/06\/Nodo-doble-300x199.jpg\" alt=\"Nodo-doble\" width=\"300\" height=\"199\" srcset=\"https:\/\/expomobil.com.mx\/wp-content\/uploads\/2016\/06\/Nodo-doble-300x199.jpg 300w, https:\/\/expomobil.com.mx\/wp-content\/uploads\/2016\/06\/Nodo-doble.jpg 800w\" sizes=\"(max-width: 300px) 100vw, 300px\" \/><\/a> <a href=\"http:\/\/expomobil.com.mx\/wp-content\/uploads\/2016\/06\/geodesic0747.jpg\"><img loading=\"lazy\" class=\"alignnone size-medium wp-image-1591\" src=\"http:\/\/expomobil.com.mx\/wp-content\/uploads\/2016\/06\/geodesic0747-300x199.jpg\" alt=\"geodesic0747\" width=\"300\" height=\"199\" srcset=\"https:\/\/expomobil.com.mx\/wp-content\/uploads\/2016\/06\/geodesic0747-300x199.jpg 300w, https:\/\/expomobil.com.mx\/wp-content\/uploads\/2016\/06\/geodesic0747-1024x681.jpg 1024w, https:\/\/expomobil.com.mx\/wp-content\/uploads\/2016\/06\/geodesic0747.jpg 1504w\" sizes=\"(max-width: 300px) 100vw, 300px\" \/><\/a>\u00a0<a href=\"http:\/\/expomobil.com.mx\/wp-content\/uploads\/2016\/06\/geodesic0746.jpg\"><img loading=\"lazy\" class=\"alignnone size-medium wp-image-1590\" src=\"http:\/\/expomobil.com.mx\/wp-content\/uploads\/2016\/06\/geodesic0746-300x199.jpg\" alt=\"geodesic0746\" width=\"300\" height=\"199\" srcset=\"https:\/\/expomobil.com.mx\/wp-content\/uploads\/2016\/06\/geodesic0746-300x199.jpg 300w, https:\/\/expomobil.com.mx\/wp-content\/uploads\/2016\/06\/geodesic0746-1024x681.jpg 1024w, https:\/\/expomobil.com.mx\/wp-content\/uploads\/2016\/06\/geodesic0746.jpg 1504w\" sizes=\"(max-width: 300px) 100vw, 300px\" \/><\/a><\/p>\n<p><strong>Otras aplicaciones<\/strong><\/p>\n<p><a href=\"http:\/\/expomobil.com.mx\/wp-content\/uploads\/2016\/06\/Aplicada-en-techos-interiores.jpg\"><img loading=\"lazy\" class=\"alignnone size-medium wp-image-1585\" src=\"http:\/\/expomobil.com.mx\/wp-content\/uploads\/2016\/06\/Aplicada-en-techos-interiores-300x199.jpg\" alt=\"Aplicada-en-techos-interiores\" width=\"300\" height=\"199\" srcset=\"https:\/\/expomobil.com.mx\/wp-content\/uploads\/2016\/06\/Aplicada-en-techos-interiores-300x199.jpg 300w, https:\/\/expomobil.com.mx\/wp-content\/uploads\/2016\/06\/Aplicada-en-techos-interiores.jpg 800w\" sizes=\"(max-width: 300px) 100vw, 300px\" \/><\/a> <a href=\"http:\/\/expomobil.com.mx\/wp-content\/uploads\/2016\/06\/Aplicada-en-techos-exteriores.jpg\"><img loading=\"lazy\" class=\"alignnone size-medium wp-image-1584\" src=\"http:\/\/expomobil.com.mx\/wp-content\/uploads\/2016\/06\/Aplicada-en-techos-exteriores-300x199.jpg\" alt=\"Aplicada-en-techos-exteriores\" width=\"300\" height=\"199\" srcset=\"https:\/\/expomobil.com.mx\/wp-content\/uploads\/2016\/06\/Aplicada-en-techos-exteriores-300x199.jpg 300w, https:\/\/expomobil.com.mx\/wp-content\/uploads\/2016\/06\/Aplicada-en-techos-exteriores.jpg 800w\" sizes=\"(max-width: 300px) 100vw, 300px\" \/><\/a> <a href=\"http:\/\/expomobil.com.mx\/wp-content\/uploads\/2016\/06\/Aplicada-en-techo-de-stand.jpg\"><img loading=\"lazy\" class=\"alignnone size-medium wp-image-1583\" src=\"http:\/\/expomobil.com.mx\/wp-content\/uploads\/2016\/06\/Aplicada-en-techo-de-stand-300x225.jpg\" alt=\"Aplicada-en-techo-de-stand\" width=\"300\" height=\"225\" srcset=\"https:\/\/expomobil.com.mx\/wp-content\/uploads\/2016\/06\/Aplicada-en-techo-de-stand-300x225.jpg 300w, https:\/\/expomobil.com.mx\/wp-content\/uploads\/2016\/06\/Aplicada-en-techo-de-stand.jpg 800w\" sizes=\"(max-width: 300px) 100vw, 300px\" \/><\/a> <a href=\"http:\/\/expomobil.com.mx\/wp-content\/uploads\/2016\/06\/Aplicada-en-tarimas_OK.png\"><img loading=\"lazy\" class=\"alignnone size-medium wp-image-1582\" src=\"http:\/\/expomobil.com.mx\/wp-content\/uploads\/2016\/06\/Aplicada-en-tarimas_OK-300x225.png\" alt=\"Aplicada-en-tarimas_OK\" width=\"300\" height=\"225\" srcset=\"https:\/\/expomobil.com.mx\/wp-content\/uploads\/2016\/06\/Aplicada-en-tarimas_OK-300x225.png 300w, https:\/\/expomobil.com.mx\/wp-content\/uploads\/2016\/06\/Aplicada-en-tarimas_OK.png 600w\" sizes=\"(max-width: 300px) 100vw, 300px\" \/><\/a> <a href=\"http:\/\/expomobil.com.mx\/wp-content\/uploads\/2016\/06\/Aplicada-en-stands.jpg\"><img loading=\"lazy\" class=\"alignnone size-medium wp-image-1581\" src=\"http:\/\/expomobil.com.mx\/wp-content\/uploads\/2016\/06\/Aplicada-en-stands-199x300.jpg\" alt=\"Aplicada-en-stands\" width=\"199\" height=\"300\" srcset=\"https:\/\/expomobil.com.mx\/wp-content\/uploads\/2016\/06\/Aplicada-en-stands-199x300.jpg 199w, https:\/\/expomobil.com.mx\/wp-content\/uploads\/2016\/06\/Aplicada-en-stands.jpg 398w\" sizes=\"(max-width: 199px) 100vw, 199px\" \/><\/a> <a href=\"http:\/\/expomobil.com.mx\/wp-content\/uploads\/2016\/06\/Aplicada-en-arco-ca\u00f1\u00f3n.jpg\"><img loading=\"lazy\" class=\"alignnone size-medium wp-image-1576\" src=\"http:\/\/expomobil.com.mx\/wp-content\/uploads\/2016\/06\/Aplicada-en-arco-ca\u00f1\u00f3n-300x240.jpg\" alt=\"Aplicada-en-arco-ca\u00f1\u00f3n\" width=\"300\" height=\"240\" srcset=\"https:\/\/expomobil.com.mx\/wp-content\/uploads\/2016\/06\/Aplicada-en-arco-ca\u00f1\u00f3n-300x240.jpg 300w, https:\/\/expomobil.com.mx\/wp-content\/uploads\/2016\/06\/Aplicada-en-arco-ca\u00f1\u00f3n.jpg 600w\" sizes=\"(max-width: 300px) 100vw, 300px\" \/><\/a> <a href=\"http:\/\/expomobil.com.mx\/wp-content\/uploads\/2016\/06\/Aplicada-en-arco-de-entrada.jpg\"><img loading=\"lazy\" class=\"alignnone size-medium wp-image-1577\" src=\"http:\/\/expomobil.com.mx\/wp-content\/uploads\/2016\/06\/Aplicada-en-arco-de-entrada-300x199.jpg\" alt=\"Aplicada-en-arco-de-entrada\" width=\"300\" height=\"199\" srcset=\"https:\/\/expomobil.com.mx\/wp-content\/uploads\/2016\/06\/Aplicada-en-arco-de-entrada-300x199.jpg 300w, https:\/\/expomobil.com.mx\/wp-content\/uploads\/2016\/06\/Aplicada-en-arco-de-entrada.jpg 800w\" sizes=\"(max-width: 300px) 100vw, 300px\" \/><\/a> <a href=\"http:\/\/expomobil.com.mx\/wp-content\/uploads\/2016\/06\/Aplicada-en-escenograf\u00eda.jpg\"><img loading=\"lazy\" class=\"alignnone size-medium wp-image-1578\" src=\"http:\/\/expomobil.com.mx\/wp-content\/uploads\/2016\/06\/Aplicada-en-escenograf\u00eda-300x202.jpg\" alt=\"Aplicada-en-escenograf\u00eda\" width=\"300\" height=\"202\" srcset=\"https:\/\/expomobil.com.mx\/wp-content\/uploads\/2016\/06\/Aplicada-en-escenograf\u00eda-300x202.jpg 300w, https:\/\/expomobil.com.mx\/wp-content\/uploads\/2016\/06\/Aplicada-en-escenograf\u00eda.jpg 442w\" sizes=\"(max-width: 300px) 100vw, 300px\" \/><\/a> <a href=\"http:\/\/expomobil.com.mx\/wp-content\/uploads\/2016\/06\/Aplicada-en-mural.jpg\"><img loading=\"lazy\" class=\"alignnone size-medium wp-image-1579\" src=\"http:\/\/expomobil.com.mx\/wp-content\/uploads\/2016\/06\/Aplicada-en-mural-300x199.jpg\" alt=\"Aplicada-en-mural\" width=\"300\" height=\"199\" srcset=\"https:\/\/expomobil.com.mx\/wp-content\/uploads\/2016\/06\/Aplicada-en-mural-300x199.jpg 300w, https:\/\/expomobil.com.mx\/wp-content\/uploads\/2016\/06\/Aplicada-en-mural.jpg 800w\" sizes=\"(max-width: 300px) 100vw, 300px\" \/><\/a> <a href=\"http:\/\/expomobil.com.mx\/wp-content\/uploads\/2016\/06\/Aplicada-en-pantallas.jpg\"><img loading=\"lazy\" class=\"alignnone size-medium wp-image-1580\" src=\"http:\/\/expomobil.com.mx\/wp-content\/uploads\/2016\/06\/Aplicada-en-pantallas-300x199.jpg\" alt=\"Aplicada-en-pantallas\" width=\"300\" height=\"199\" srcset=\"https:\/\/expomobil.com.mx\/wp-content\/uploads\/2016\/06\/Aplicada-en-pantallas-300x199.jpg 300w, https:\/\/expomobil.com.mx\/wp-content\/uploads\/2016\/06\/Aplicada-en-pantallas.jpg 800w\" sizes=\"(max-width: 300px) 100vw, 300px\" \/><\/a><\/p>\n","protected":false},"excerpt":{"rendered":"<p>&nbsp; El \u00fanico sistema\u00a0 constructivo para generar una\u00a0estructura ligera para\u00a0techados\u00a0, fabricada en tubular de aluminio anodizado de 1 1\/2 \u201c que sirve para generar\u00a0 formas tridimensionales, tambi\u00e9n llamada tridilosa o geod\u00e9sica, el sistema permite armar desarrollos rectos (plano tridimensional) o arco ca\u00f1\u00f3n tipo t\u00fanel.\u00a0\u00a0 Las estructuras logradas poseen gran rigidez y capacidad de carga para &#8230; <a title=\"Techados Tridilosas  y Geodesicas\" class=\"read-more\" href=\"https:\/\/expomobil.com.mx\/?page_id=30\" aria-label=\"M\u00e1s en Techados Tridilosas  y Geodesicas\">Leer m\u00e1s<\/a><\/p>\n","protected":false},"author":1,"featured_media":0,"parent":10,"menu_order":5,"comment_status":"open","ping_status":"closed","template":"","meta":[],"_links":{"self":[{"href":"https:\/\/expomobil.com.mx\/index.php?rest_route=\/wp\/v2\/pages\/30"}],"collection":[{"href":"https:\/\/expomobil.com.mx\/index.php?rest_route=\/wp\/v2\/pages"}],"about":[{"href":"https:\/\/expomobil.com.mx\/index.php?rest_route=\/wp\/v2\/types\/page"}],"author":[{"embeddable":true,"href":"https:\/\/expomobil.com.mx\/index.php?rest_route=\/wp\/v2\/users\/1"}],"replies":[{"embeddable":true,"href":"https:\/\/expomobil.com.mx\/index.php?rest_route=%2Fwp%2Fv2%2Fcomments&post=30"}],"version-history":[{"count":24,"href":"https:\/\/expomobil.com.mx\/index.php?rest_route=\/wp\/v2\/pages\/30\/revisions"}],"predecessor-version":[{"id":1894,"href":"https:\/\/expomobil.com.mx\/index.php?rest_route=\/wp\/v2\/pages\/30\/revisions\/1894"}],"up":[{"embeddable":true,"href":"https:\/\/expomobil.com.mx\/index.php?rest_route=\/wp\/v2\/pages\/10"}],"wp:attachment":[{"href":"https:\/\/expomobil.com.mx\/index.php?rest_route=%2Fwp%2Fv2%2Fmedia&parent=30"}],"curies":[{"name":"wp","href":"https:\/\/api.w.org\/{rel}","templated":true}]}}